{"id":514,"date":"2023-10-20T11:23:04","date_gmt":"2023-10-20T11:23:04","guid":{"rendered":"https:\/\/cerco.centraldemarketing.es\/?page_id=514"},"modified":"2023-11-03T10:08:50","modified_gmt":"2023-11-03T10:08:50","slug":"seguridad-privada-en-malaga","status":"publish","type":"page","link":"https:\/\/cercoseguridad.com\/en\/seguridad-privada-en-malaga\/","title":{"rendered":"Private Security in Malaga"},"content":{"rendered":"<div data-elementor-type=\"wp-page\" data-elementor-id=\"514\" class=\"elementor elementor-514\" data-elementor-post-type=\"page\">\n\t\t\t\t<div class=\"elementor-element elementor-element-2d3d411 e-flex e-con-boxed e-con e-parent\" data-id=\"2d3d411\" data-element_type=\"container\" data-settings=\"{&quot;background_background&quot;:&quot;classic&quot;}\">\n\t\t\t\t\t<div class=\"e-con-inner\">\n\t\t\t\t<div class=\"elementor-element elementor-element-129c668 elementor-widget elementor-widget-spacer\" data-id=\"129c668\" data-element_type=\"widget\" data-widget_type=\"spacer.default\">\n\t\t\t\t<div class=\"elementor-widget-container\">\n\t\t\t\t\t\t\t<div class=\"elementor-spacer\">\n\t\t\t<div class=\"elementor-spacer-inner\"><\/div>\n\t\t<\/div>\n\t\t\t\t\t\t<\/div>\n\t\t\t\t<\/div>\n\t\t\t\t<div class=\"elementor-element elementor-element-56f45b9 elementor-widget elementor-widget-heading\" data-id=\"56f45b9\" data-element_type=\"widget\" data-widget_type=\"heading.default\">\n\t\t\t\t<div class=\"elementor-widget-container\">\n\t\t\t\t\t<h2 class=\"elementor-heading-title elementor-size-default\">PRIVATE SECURITY IN M\u00c1LAGA<\/h2>\t\t\t\t<\/div>\n\t\t\t\t<\/div>\n\t\t\t\t<div class=\"elementor-element elementor-element-17a9989 elementor-widget elementor-widget-spacer\" data-id=\"17a9989\" data-element_type=\"widget\" data-widget_type=\"spacer.default\">\n\t\t\t\t<div class=\"elementor-widget-container\">\n\t\t\t\t\t\t\t<div class=\"elementor-spacer\">\n\t\t\t<div class=\"elementor-spacer-inner\"><\/div>\n\t\t<\/div>\n\t\t\t\t\t\t<\/div>\n\t\t\t\t<\/div>\n\t\t\t\t\t<\/div>\n\t\t\t\t<\/div>\n\t\t<div class=\"elementor-element elementor-element-555a4be e-flex e-con-boxed e-con e-parent\" data-id=\"555a4be\" data-element_type=\"container\">\n\t\t\t\t\t<div class=\"e-con-inner\">\n\t\t\t\t<div class=\"elementor-element elementor-element-7ce1e86 elementor-widget elementor-widget-spacer\" data-id=\"7ce1e86\" data-element_type=\"widget\" data-widget_type=\"spacer.default\">\n\t\t\t\t<div class=\"elementor-widget-container\">\n\t\t\t\t\t\t\t<div class=\"elementor-spacer\">\n\t\t\t<div class=\"elementor-spacer-inner\"><\/div>\n\t\t<\/div>\n\t\t\t\t\t\t<\/div>\n\t\t\t\t<\/div>\n\t\t\t\t<div class=\"elementor-element elementor-element-5e73f17 elementor-widget elementor-widget-text-editor\" data-id=\"5e73f17\" data-element_type=\"widget\" data-widget_type=\"text-editor.default\">\n\t\t\t\t<div class=\"elementor-widget-container\">\n\t\t\t\t\t\t\t\t\t<p>Today, private security in Malaga plays a fundamental role in the protection of people, property and assets.<span style=\"font-weight: 400\">Private security seeks to maintain an environment <strong><span style=\"color: #ffcc00\">sure<\/span><\/strong>, of <strong><span style=\"color: #ffcc00\">protect<\/span> <\/strong>to our people and respond in a way <strong><span style=\"color: #ffcc00\">fast<\/span> <\/strong>and <strong><span style=\"color: #ffcc00\">effective<\/span> <\/strong>in the event of any type of emergency.<\/span><\/p><p><span style=\"font-weight: 400\">Delve into this article, where we will discover the importance of this service<\/span><span style=\"font-size: 16px;font-weight: 400\">\u00a0in M\u00e1laga, the challenges it faces, and, perhaps most intriguingly, how these services have evolved to become a trusted pillar for the overall safety of the M\u00e1laga community.<\/span><\/p>\t\t\t\t\t\t\t\t<\/div>\n\t\t\t\t<\/div>\n\t\t\t\t<div class=\"elementor-element elementor-element-2c721e7 elementor-widget elementor-widget-heading\" data-id=\"2c721e7\" data-element_type=\"widget\" data-widget_type=\"heading.default\">\n\t\t\t\t<div class=\"elementor-widget-container\">\n\t\t\t\t\t<h2 class=\"elementor-heading-title elementor-size-default\">Safety as a priority.<\/h2>\t\t\t\t<\/div>\n\t\t\t\t<\/div>\n\t\t\t\t<div class=\"elementor-element elementor-element-29e64d1 elementor-widget elementor-widget-text-editor\" data-id=\"29e64d1\" data-element_type=\"widget\" data-widget_type=\"text-editor.default\">\n\t\t\t\t<div class=\"elementor-widget-container\">\n\t\t\t\t\t\t\t\t\t<p><span style=\"font-weight: 400\">Malaga, a city known for its culture and tourism, but like other cities, is no stranger to the reality of security. The increase in tourist traffic combined with population growth has triggered a growing demand for security services responsible for protecting those who live in the city. <strong><span style=\"color: #ffcc00\">live<\/span> <\/strong>in Malaga, to which <strong><span style=\"color: #ffcc00\">arrive<\/span> <\/strong>from afar already <strong><span style=\"color: #ffcc00\">business<\/span> <\/strong>locals.<\/span><\/p><p><span style=\"font-weight: 400\">While public safety is a very important concern, we cannot overlook the fundamental role that private security plays as an important complement to enhancing law enforcement efforts.<\/span><\/p>\t\t\t\t\t\t\t\t<\/div>\n\t\t\t\t<\/div>\n\t\t\t\t<div class=\"elementor-element elementor-element-08bbee5 elementor-widget elementor-widget-heading\" data-id=\"08bbee5\" data-element_type=\"widget\" data-widget_type=\"heading.default\">\n\t\t\t\t<div class=\"elementor-widget-container\">\n\t\t\t\t\t<h2 class=\"elementor-heading-title elementor-size-default\">The role that security plays in Malaga.\n<\/h2>\t\t\t\t<\/div>\n\t\t\t\t<\/div>\n\t\t\t\t<div class=\"elementor-element elementor-element-768d87a elementor-widget elementor-widget-text-editor\" data-id=\"768d87a\" data-element_type=\"widget\" data-widget_type=\"text-editor.default\">\n\t\t\t\t<div class=\"elementor-widget-container\">\n\t\t\t\t\t\t\t\t\t<p><span style=\"font-weight: 400\">Private security services in Malaga cover a wide variety of purposes, functions, and environments, from residential security to event security, for example. Below are some types of private security services in Malaga:\u00a0<\/span><\/p><ul><li><b>Residential security<\/b><span style=\"font-weight: 400\">This type of surveillance protects against theft, fire, and intrusion into private homes, residential developments, and neighborhood communities.<\/span><\/li><li><b>Event security<\/b><span style=\"font-weight: 400\">Malaga is a city where numerous events such as festivals and concerts take place, where it is essential to protect guests, workers, celebrities, organizers, etc., as well as prevent incidents that may occur.<\/span><\/li><li><b>Business security<\/b><span style=\"font-weight: 400\">: Private security is responsible for protecting employees, facilities, among others.<\/span><\/li><li><b>Tourist security<\/b><span style=\"font-weight: 400\">Tourism is a very important activity in Malaga, and private security plays a crucial role in protecting hotels and tourist sites.<\/span><\/li><li><b style=\"font-style: inherit\">Access control<\/b><span style=\"font-weight: 400\">: It consists of determining who is authorized to have access to certain data, programs and other resources.<\/span><\/li><\/ul>\t\t\t\t\t\t\t\t<\/div>\n\t\t\t\t<\/div>\n\t\t\t\t<div class=\"elementor-element elementor-element-666a0e5 elementor-widget elementor-widget-image\" data-id=\"666a0e5\" data-element_type=\"widget\" data-widget_type=\"image.default\">\n\t\t\t\t<div class=\"elementor-widget-container\">\n\t\t\t\t\t\t\t\t\t\t\t\t\t\t\t<img fetchpriority=\"high\" decoding=\"async\" width=\"768\" height=\"432\" src=\"https:\/\/cercoseguridad.com\/wp-content\/uploads\/2023\/10\/765433534_233316251_1706x960-768x432.webp\" class=\"attachment-medium_large size-medium_large wp-image-517\" alt=\"Personal de seguridad privada en M\u00e1laga\" srcset=\"https:\/\/cercoseguridad.com\/wp-content\/uploads\/2023\/10\/765433534_233316251_1706x960-768x432.webp 768w, https:\/\/cercoseguridad.com\/wp-content\/uploads\/2023\/10\/765433534_233316251_1706x960-300x169.webp 300w, https:\/\/cercoseguridad.com\/wp-content\/uploads\/2023\/10\/765433534_233316251_1706x960-1024x576.webp 1024w, https:\/\/cercoseguridad.com\/wp-content\/uploads\/2023\/10\/765433534_233316251_1706x960-1536x864.webp 1536w, https:\/\/cercoseguridad.com\/wp-content\/uploads\/2023\/10\/765433534_233316251_1706x960.webp 1706w\" sizes=\"(max-width: 768px) 100vw, 768px\" \/>\t\t\t\t\t\t\t\t\t\t\t\t\t\t\t<\/div>\n\t\t\t\t<\/div>\n\t\t\t\t<div class=\"elementor-element elementor-element-c616b87 elementor-widget elementor-widget-heading\" data-id=\"c616b87\" data-element_type=\"widget\" data-widget_type=\"heading.default\">\n\t\t\t\t<div class=\"elementor-widget-container\">\n\t\t\t\t\t<h2 class=\"elementor-heading-title elementor-size-default\">Why choose private security in Malaga?\n<\/h2>\t\t\t\t<\/div>\n\t\t\t\t<\/div>\n\t\t\t\t<div class=\"elementor-element elementor-element-7b12482 elementor-widget elementor-widget-text-editor\" data-id=\"7b12482\" data-element_type=\"widget\" data-widget_type=\"text-editor.default\">\n\t\t\t\t<div class=\"elementor-widget-container\">\n\t\t\t\t\t\t\t\t\t<p><span style=\"font-weight: 400\">Opting for private security in Malaga is a decision <strong><span style=\"color: #ffcc00\">correct<\/span> <\/strong>and <strong><span style=\"color: #ffcc00\">strategic<\/span> <\/strong>to ensure the safety of people and property. Here are some advantages of private security in Malaga:<\/span><\/p><ul><li><b>Quick and effective response<\/b><span style=\"font-weight: 400\">: Security team members are equipped with the skills necessary to respond to emergencies.\u00a0<\/span><\/li><li><b>Crime prevention and reduction<\/b><span style=\"font-weight: 400\">Crime rates generally decrease when a security team is in place. There is significant protection and respect in these areas, which reduces criminal activity.<\/span><\/li><li><b>Surveillance<\/b> <b>during the 24 hours<\/b><span style=\"font-weight: 400\">One characteristic of private security is that it is always present at the location where it is used. Several members alternately supervise the security of the facility 24 hours a day.<\/span><\/li><li><b>Tranquillity<\/b><span style=\"font-weight: 400\">Both businesses and individuals can feel safe and secure knowing that their daily activities are unhindered when they have private security.<\/span><\/li><\/ul>\t\t\t\t\t\t\t\t<\/div>\n\t\t\t\t<\/div>\n\t\t\t\t<div class=\"elementor-element elementor-element-a32a988 elementor-widget elementor-widget-heading\" data-id=\"a32a988\" data-element_type=\"widget\" data-widget_type=\"heading.default\">\n\t\t\t\t<div class=\"elementor-widget-container\">\n\t\t\t\t\t<h2 class=\"elementor-heading-title elementor-size-default\">And you, are you up for hiring private security in Malaga?\n<\/h2>\t\t\t\t<\/div>\n\t\t\t\t<\/div>\n\t\t\t\t<div class=\"elementor-element elementor-element-ed2bf7f elementor-widget elementor-widget-text-editor\" data-id=\"ed2bf7f\" data-element_type=\"widget\" data-widget_type=\"text-editor.default\">\n\t\t\t\t<div class=\"elementor-widget-container\">\n\t\t\t\t\t\t\t\t\t<p><span style=\"font-weight: 400\">There&#039;s no doubt that hiring a private security company offers a wide range of advantages. Consequently, they become a very cost-effective option for both businesses and residences.<strong><span style=\"color: #ffcc00\">we started<\/span><\/strong>?<\/span><\/p>\t\t\t\t\t\t\t\t<\/div>\n\t\t\t\t<\/div>\n\t\t\t\t<div class=\"elementor-element elementor-element-dfa96e1 elementor-align-center elementor-widget elementor-widget-button\" data-id=\"dfa96e1\" data-element_type=\"widget\" data-widget_type=\"button.default\">\n\t\t\t\t<div class=\"elementor-widget-container\">\n\t\t\t\t\t\t\t\t\t<div class=\"elementor-button-wrapper\">\n\t\t\t\t\t<a class=\"elementor-button elementor-button-link elementor-size-xl\" href=\"#\">\n\t\t\t\t\t\t<span class=\"elementor-button-content-wrapper\">\n\t\t\t\t\t\t\t\t\t<span class=\"elementor-button-text\">CONTACT US<\/span>\n\t\t\t\t\t<\/span>\n\t\t\t\t\t<\/a>\n\t\t\t\t<\/div>\n\t\t\t\t\t\t\t\t<\/div>\n\t\t\t\t<\/div>\n\t\t\t\t<div class=\"elementor-element elementor-element-778d8ce elementor-widget elementor-widget-spacer\" data-id=\"778d8ce\" data-element_type=\"widget\" data-widget_type=\"spacer.default\">\n\t\t\t\t<div class=\"elementor-widget-container\">\n\t\t\t\t\t\t\t<div class=\"elementor-spacer\">\n\t\t\t<div class=\"elementor-spacer-inner\"><\/div>\n\t\t<\/div>\n\t\t\t\t\t\t<\/div>\n\t\t\t\t<\/div>\n\t\t\t\t\t<\/div>\n\t\t\t\t<\/div>\n\t\t\t\t<\/div>","protected":false},"excerpt":{"rendered":"<p>PRIVATE SECURITY IN M\u00c1LAGA Today, private security in M\u00e1laga plays a fundamental role in protecting [\u2026]<\/p>","protected":false},"author":1,"featured_media":682,"parent":0,"menu_order":0,"comment_status":"closed","ping_status":"closed","template":"elementor_header_footer","meta":{"site-sidebar-layout":"no-sidebar","site-content-layout":"","ast-site-content-layout":"full-width-container","site-content-style":"default","site-sidebar-style":"default","ast-global-header-display":"","ast-banner-title-visibility":"","ast-main-header-display":"","ast-hfb-above-header-display":"","ast-hfb-below-header-display":"","ast-hfb-mobile-header-display":"","site-post-title":"disabled","ast-breadcrumbs-content":"","ast-featured-img":"disabled","footer-sml-layout":"","theme-transparent-header-meta":"","adv-header-id-meta":"","stick-header-meta":"","header-above-stick-meta":"","header-main-stick-meta":"","header-below-stick-meta":"","astra-migrate-meta-layouts":"","ast-page-background-enabled":"default","ast-page-background-meta":{"desktop":{"background-color":"var(--ast-global-color-4)","background-image":"","background-repeat":"repeat","background-position":"center center","background-size":"auto","background-attachment":"scroll","background-type":"","background-media":"","overlay-type":"","overlay-color":"","overlay-opacity":"","overlay-gradient":""},"tablet":{"background-color":"","background-image":"","background-repeat":"repeat","background-position":"center center","background-size":"auto","background-attachment":"scroll","background-type":"","background-media":"","overlay-type":"","overlay-color":"","overlay-opacity":"","overlay-gradient":""},"mobile":{"background-color":"","background-image":"","background-repeat":"repeat","background-position":"center center","background-size":"auto","background-attachment":"scroll","background-type":"","background-media":"","overlay-type":"","overlay-color":"","overlay-opacity":"","overlay-gradient":""}},"ast-content-background-meta":{"desktop":{"background-color":"var(--ast-global-color-5)","background-image":"","background-repeat":"repeat","background-position":"center center","background-size":"auto","background-attachment":"scroll","background-type":"","background-media":"","overlay-type":"","overlay-color":"","overlay-opacity":"","overlay-gradient":""},"tablet":{"background-color":"var(--ast-global-color-5)","background-image":"","background-repeat":"repeat","background-position":"center center","background-size":"auto","background-attachment":"scroll","background-type":"","background-media":"","overlay-type":"","overlay-color":"","overlay-opacity":"","overlay-gradient":""},"mobile":{"background-color":"var(--ast-global-color-5)","background-image":"","background-repeat":"repeat","background-position":"center center","background-size":"auto","background-attachment":"scroll","background-type":"","background-media":"","overlay-type":"","overlay-color":"","overlay-opacity":"","overlay-gradient":""}},"footnotes":""},"class_list":["post-514","page","type-page","status-publish","has-post-thumbnail","hentry"],"yoast_head":"<!-- This site is optimized with the Yoast SEO plugin v26.3 - https:\/\/yoast.com\/wordpress\/plugins\/seo\/ -->\n<title>Seguridad Privada en M\u00e1laga<\/title>\n<meta name=\"description\" content=\"Descubre las \u00faltimas tendencias y servicios de seguridad privada en M\u00e1laga. Protege tus activos y bienestar.\" \/>\n<meta name=\"robots\" content=\"index, follow, max-snippet:-1, max-image-preview:large, max-video-preview:-1\" \/>\n<link rel=\"canonical\" href=\"https:\/\/cercoseguridad.com\/en\/seguridad-privada-en-malaga\/\" \/>\n<meta property=\"og:locale\" content=\"en_GB\" \/>\n<meta property=\"og:type\" content=\"article\" \/>\n<meta property=\"og:title\" content=\"Seguridad Privada en M\u00e1laga\" \/>\n<meta property=\"og:description\" content=\"Descubre las \u00faltimas tendencias y servicios de seguridad privada en M\u00e1laga. Protege tus activos y bienestar.\" \/>\n<meta property=\"og:url\" content=\"https:\/\/cercoseguridad.com\/en\/seguridad-privada-en-malaga\/\" \/>\n<meta property=\"og:site_name\" content=\"Cerco Seguridad\" \/>\n<meta property=\"article:modified_time\" content=\"2023-11-03T10:08:50+00:00\" \/>\n<meta property=\"og:image\" content=\"https:\/\/cercoseguridad.com\/wp-content\/uploads\/2023\/11\/Malaga_-_vistas_desde_el_Parador_de_Gibralfaro_01.jpg\" \/>\n\t<meta property=\"og:image:width\" content=\"2560\" \/>\n\t<meta property=\"og:image:height\" content=\"1920\" \/>\n\t<meta property=\"og:image:type\" content=\"image\/jpeg\" \/>\n<meta name=\"twitter:card\" content=\"summary_large_image\" \/>\n<meta name=\"twitter:label1\" content=\"Estimated reading time\" \/>\n\t<meta name=\"twitter:data1\" content=\"3 minutes\" \/>\n<script type=\"application\/ld+json\" class=\"yoast-schema-graph\">{\"@context\":\"https:\/\/schema.org\",\"@graph\":[{\"@type\":\"WebPage\",\"@id\":\"https:\/\/cercoseguridad.com\/seguridad-privada-en-malaga\/\",\"url\":\"https:\/\/cercoseguridad.com\/seguridad-privada-en-malaga\/\",\"name\":\"Seguridad Privada en M\u00e1laga\",\"isPartOf\":{\"@id\":\"https:\/\/cercoseguridad.com\/#website\"},\"primaryImageOfPage\":{\"@id\":\"https:\/\/cercoseguridad.com\/seguridad-privada-en-malaga\/#primaryimage\"},\"image\":{\"@id\":\"https:\/\/cercoseguridad.com\/seguridad-privada-en-malaga\/#primaryimage\"},\"thumbnailUrl\":\"https:\/\/cercoseguridad.com\/wp-content\/uploads\/2023\/11\/Malaga_-_vistas_desde_el_Parador_de_Gibralfaro_01.jpg\",\"datePublished\":\"2023-10-20T11:23:04+00:00\",\"dateModified\":\"2023-11-03T10:08:50+00:00\",\"description\":\"Descubre las \u00faltimas tendencias y servicios de seguridad privada en M\u00e1laga. Protege tus activos y bienestar.\",\"breadcrumb\":{\"@id\":\"https:\/\/cercoseguridad.com\/seguridad-privada-en-malaga\/#breadcrumb\"},\"inLanguage\":\"en-GB\",\"potentialAction\":[{\"@type\":\"ReadAction\",\"target\":[\"https:\/\/cercoseguridad.com\/seguridad-privada-en-malaga\/\"]}]},{\"@type\":\"ImageObject\",\"inLanguage\":\"en-GB\",\"@id\":\"https:\/\/cercoseguridad.com\/seguridad-privada-en-malaga\/#primaryimage\",\"url\":\"https:\/\/cercoseguridad.com\/wp-content\/uploads\/2023\/11\/Malaga_-_vistas_desde_el_Parador_de_Gibralfaro_01.jpg\",\"contentUrl\":\"https:\/\/cercoseguridad.com\/wp-content\/uploads\/2023\/11\/Malaga_-_vistas_desde_el_Parador_de_Gibralfaro_01.jpg\",\"width\":2560,\"height\":1920,\"caption\":\"Seguridad privada en M\u00e1laga\"},{\"@type\":\"BreadcrumbList\",\"@id\":\"https:\/\/cercoseguridad.com\/seguridad-privada-en-malaga\/#breadcrumb\",\"itemListElement\":[{\"@type\":\"ListItem\",\"position\":1,\"name\":\"Portada\",\"item\":\"https:\/\/cercoseguridad.com\/\"},{\"@type\":\"ListItem\",\"position\":2,\"name\":\"Seguridad Privada en M\u00e1laga\"}]},{\"@type\":\"WebSite\",\"@id\":\"https:\/\/cercoseguridad.com\/#website\",\"url\":\"https:\/\/cercoseguridad.com\/\",\"name\":\"Cerco Seguridad\",\"description\":\"Empresa de seguridad en M\u00e1laga\",\"publisher\":{\"@id\":\"https:\/\/cercoseguridad.com\/#organization\"},\"potentialAction\":[{\"@type\":\"SearchAction\",\"target\":{\"@type\":\"EntryPoint\",\"urlTemplate\":\"https:\/\/cercoseguridad.com\/?s={search_term_string}\"},\"query-input\":{\"@type\":\"PropertyValueSpecification\",\"valueRequired\":true,\"valueName\":\"search_term_string\"}}],\"inLanguage\":\"en-GB\"},{\"@type\":\"Organization\",\"@id\":\"https:\/\/cercoseguridad.com\/#organization\",\"name\":\"Cerco Seguridad\",\"url\":\"https:\/\/cercoseguridad.com\/\",\"logo\":{\"@type\":\"ImageObject\",\"inLanguage\":\"en-GB\",\"@id\":\"https:\/\/cercoseguridad.com\/#\/schema\/logo\/image\/\",\"url\":\"https:\/\/cercoseguridad.com\/wp-content\/uploads\/2023\/09\/jpg_marca-cerco-8-1-scaled.jpg\",\"contentUrl\":\"https:\/\/cercoseguridad.com\/wp-content\/uploads\/2023\/09\/jpg_marca-cerco-8-1-scaled.jpg\",\"width\":2560,\"height\":951,\"caption\":\"Cerco Seguridad\"},\"image\":{\"@id\":\"https:\/\/cercoseguridad.com\/#\/schema\/logo\/image\/\"}}]}<\/script>\n<!-- \/ Yoast SEO plugin. -->","yoast_head_json":{"title":"Private Security in Malaga","description":"Discover the latest trends and private security services in Malaga. Protect your assets and well-being.","robots":{"index":"index","follow":"follow","max-snippet":"max-snippet:-1","max-image-preview":"max-image-preview:large","max-video-preview":"max-video-preview:-1"},"canonical":"https:\/\/cercoseguridad.com\/en\/seguridad-privada-en-malaga\/","og_locale":"en_GB","og_type":"article","og_title":"Seguridad Privada en M\u00e1laga","og_description":"Descubre las \u00faltimas tendencias y servicios de seguridad privada en M\u00e1laga. Protege tus activos y bienestar.","og_url":"https:\/\/cercoseguridad.com\/en\/seguridad-privada-en-malaga\/","og_site_name":"Cerco Seguridad","article_modified_time":"2023-11-03T10:08:50+00:00","og_image":[{"width":2560,"height":1920,"url":"https:\/\/cercoseguridad.com\/wp-content\/uploads\/2023\/11\/Malaga_-_vistas_desde_el_Parador_de_Gibralfaro_01.jpg","type":"image\/jpeg"}],"twitter_card":"summary_large_image","twitter_misc":{"Estimated reading time":"3 minutes"},"schema":{"@context":"https:\/\/schema.org","@graph":[{"@type":"WebPage","@id":"https:\/\/cercoseguridad.com\/seguridad-privada-en-malaga\/","url":"https:\/\/cercoseguridad.com\/seguridad-privada-en-malaga\/","name":"Private Security in Malaga","isPartOf":{"@id":"https:\/\/cercoseguridad.com\/#website"},"primaryImageOfPage":{"@id":"https:\/\/cercoseguridad.com\/seguridad-privada-en-malaga\/#primaryimage"},"image":{"@id":"https:\/\/cercoseguridad.com\/seguridad-privada-en-malaga\/#primaryimage"},"thumbnailUrl":"https:\/\/cercoseguridad.com\/wp-content\/uploads\/2023\/11\/Malaga_-_vistas_desde_el_Parador_de_Gibralfaro_01.jpg","datePublished":"2023-10-20T11:23:04+00:00","dateModified":"2023-11-03T10:08:50+00:00","description":"Discover the latest trends and private security services in Malaga. Protect your assets and well-being.","breadcrumb":{"@id":"https:\/\/cercoseguridad.com\/seguridad-privada-en-malaga\/#breadcrumb"},"inLanguage":"en-GB","potentialAction":[{"@type":"ReadAction","target":["https:\/\/cercoseguridad.com\/seguridad-privada-en-malaga\/"]}]},{"@type":"ImageObject","inLanguage":"en-GB","@id":"https:\/\/cercoseguridad.com\/seguridad-privada-en-malaga\/#primaryimage","url":"https:\/\/cercoseguridad.com\/wp-content\/uploads\/2023\/11\/Malaga_-_vistas_desde_el_Parador_de_Gibralfaro_01.jpg","contentUrl":"https:\/\/cercoseguridad.com\/wp-content\/uploads\/2023\/11\/Malaga_-_vistas_desde_el_Parador_de_Gibralfaro_01.jpg","width":2560,"height":1920,"caption":"Seguridad privada en M\u00e1laga"},{"@type":"BreadcrumbList","@id":"https:\/\/cercoseguridad.com\/seguridad-privada-en-malaga\/#breadcrumb","itemListElement":[{"@type":"ListItem","position":1,"name":"Portada","item":"https:\/\/cercoseguridad.com\/"},{"@type":"ListItem","position":2,"name":"Seguridad Privada en M\u00e1laga"}]},{"@type":"WebSite","@id":"https:\/\/cercoseguridad.com\/#website","url":"https:\/\/cercoseguridad.com\/","name":"Security Fence","description":"Security company in Malaga","publisher":{"@id":"https:\/\/cercoseguridad.com\/#organization"},"potentialAction":[{"@type":"SearchAction","target":{"@type":"EntryPoint","urlTemplate":"https:\/\/cercoseguridad.com\/?s={search_term_string}"},"query-input":{"@type":"PropertyValueSpecification","valueRequired":true,"valueName":"search_term_string"}}],"inLanguage":"en-GB"},{"@type":"Organization","@id":"https:\/\/cercoseguridad.com\/#organization","name":"Security Fence","url":"https:\/\/cercoseguridad.com\/","logo":{"@type":"ImageObject","inLanguage":"en-GB","@id":"https:\/\/cercoseguridad.com\/#\/schema\/logo\/image\/","url":"https:\/\/cercoseguridad.com\/wp-content\/uploads\/2023\/09\/jpg_marca-cerco-8-1-scaled.jpg","contentUrl":"https:\/\/cercoseguridad.com\/wp-content\/uploads\/2023\/09\/jpg_marca-cerco-8-1-scaled.jpg","width":2560,"height":951,"caption":"Cerco Seguridad"},"image":{"@id":"https:\/\/cercoseguridad.com\/#\/schema\/logo\/image\/"}}]}},"_links":{"self":[{"href":"https:\/\/cercoseguridad.com\/en\/wp-json\/wp\/v2\/pages\/514","targetHints":{"allow":["GET"]}}],"collection":[{"href":"https:\/\/cercoseguridad.com\/en\/wp-json\/wp\/v2\/pages"}],"about":[{"href":"https:\/\/cercoseguridad.com\/en\/wp-json\/wp\/v2\/types\/page"}],"author":[{"embeddable":true,"href":"https:\/\/cercoseguridad.com\/en\/wp-json\/wp\/v2\/users\/1"}],"replies":[{"embeddable":true,"href":"https:\/\/cercoseguridad.com\/en\/wp-json\/wp\/v2\/comments?post=514"}],"version-history":[{"count":22,"href":"https:\/\/cercoseguridad.com\/en\/wp-json\/wp\/v2\/pages\/514\/revisions"}],"predecessor-version":[{"id":695,"href":"https:\/\/cercoseguridad.com\/en\/wp-json\/wp\/v2\/pages\/514\/revisions\/695"}],"wp:featuredmedia":[{"embeddable":true,"href":"https:\/\/cercoseguridad.com\/en\/wp-json\/wp\/v2\/media\/682"}],"wp:attachment":[{"href":"https:\/\/cercoseguridad.com\/en\/wp-json\/wp\/v2\/media?parent=514"}],"curies":[{"name":"wp","href":"https:\/\/api.w.org\/{rel}","templated":true}]}}