{"id":505,"date":"2023-10-20T11:09:26","date_gmt":"2023-10-20T11:09:26","guid":{"rendered":"https:\/\/cerco.centraldemarketing.es\/?page_id=505"},"modified":"2023-10-20T11:10:48","modified_gmt":"2023-10-20T11:10:48","slug":"politica-de-cookies","status":"publish","type":"page","link":"https:\/\/cercoseguridad.com\/en\/politica-de-cookies\/","title":{"rendered":"Cookie Policy"},"content":{"rendered":"<div data-elementor-type=\"wp-page\" data-elementor-id=\"505\" class=\"elementor elementor-505\" data-elementor-post-type=\"page\">\n\t\t\t\t<div class=\"elementor-element elementor-element-86cc0fb e-flex e-con-boxed e-con e-parent\" data-id=\"86cc0fb\" data-element_type=\"container\">\n\t\t\t\t\t<div class=\"e-con-inner\">\n\t\t\t\t<div class=\"elementor-element elementor-element-5f33082 elementor-widget elementor-widget-heading\" data-id=\"5f33082\" data-element_type=\"widget\" data-widget_type=\"heading.default\">\n\t\t\t\t<div class=\"elementor-widget-container\">\n\t\t\t\t\t<h2 class=\"elementor-heading-title elementor-size-default\">Cookie Policy<\/h2>\t\t\t\t<\/div>\n\t\t\t\t<\/div>\n\t\t\t\t<div class=\"elementor-element elementor-element-3fcec89 elementor-widget elementor-widget-text-editor\" data-id=\"3fcec89\" data-element_type=\"widget\" data-widget_type=\"text-editor.default\">\n\t\t\t\t<div class=\"elementor-widget-container\">\n\t\t\t\t\t\t\t\t\t<p>Privacy of Google Analytics statistics<br \/>www.cercoseguridad.es uses Google Analytics, a web analytics service provided by Google, Inc. Google Analytics uses &quot;cookies,&quot; which are text files placed on your computer, to help the website analyze how users use the site. The information generated by the cookie about your use of the website (including your IP address) will be transmitted to and stored by Google on servers in the United States. Google will use this information on our behalf for the purpose of tracking your use of the website, compiling reports on website activity and providing other services relating to website activity and internet usage. Google may transfer this information to third parties when required to do so by law, or when such third parties process the information on Google&#039;s behalf. Google will not associate your IP address with any other data held by Google. You may refuse the processing of data or information by rejecting the use of cookies by selecting the appropriate settings on your browser; however, please be aware that if you do this, you may not be able to use the full functionality of the website. By using this website, you consent to the processing of data about you by Google in the manner and for the purposes set out above.<br \/>User settings to avoid cookies<br \/>If you are using Microsoft Internet Explorer, go to Tools &gt; Internet Options &gt; Privacy &gt; Settings.<br \/>If you use Firefox, go to Tools &gt; Options &gt; Privacy &gt; Cookies.<br \/>If you use Chrome, in the Options &gt; Advanced Options &gt; Privacy section.<\/p>\t\t\t\t\t\t\t\t<\/div>\n\t\t\t\t<\/div>\n\t\t\t\t\t<\/div>\n\t\t\t\t<\/div>\n\t\t\t\t<\/div>","protected":false},"excerpt":{"rendered":"<p>Cookie Policy Privacy of Google Analytics statistics www.cercoseguridad.es uses Google Analytics, a web analytics service provided by [\u2026]<\/p>","protected":false},"author":1,"featured_media":0,"parent":0,"menu_order":0,"comment_status":"closed","ping_status":"closed","template":"elementor_header_footer","meta":{"site-sidebar-layout":"no-sidebar","site-content-layout":"","ast-site-content-layout":"full-width-container","site-content-style":"default","site-sidebar-style":"default","ast-global-header-display":"","ast-banner-title-visibility":"","ast-main-header-display":"","ast-hfb-above-header-display":"","ast-hfb-below-header-display":"","ast-hfb-mobile-header-display":"","site-post-title":"disabled","ast-breadcrumbs-content":"","ast-featured-img":"disabled","footer-sml-layout":"","theme-transparent-header-meta":"","adv-header-id-meta":"","stick-header-meta":"","header-above-stick-meta":"","header-main-stick-meta":"","header-below-stick-meta":"","astra-migrate-meta-layouts":"","ast-page-background-enabled":"default","ast-page-background-meta":{"desktop":{"background-color":"var(--ast-global-color-4)","background-image":"","background-repeat":"repeat","background-position":"center center","background-size":"auto","background-attachment":"scroll","background-type":"","background-media":"","overlay-type":"","overlay-color":"","overlay-opacity":"","overlay-gradient":""},"tablet":{"background-color":"","background-image":"","background-repeat":"repeat","background-position":"center center","background-size":"auto","background-attachment":"scroll","background-type":"","background-media":"","overlay-type":"","overlay-color":"","overlay-opacity":"","overlay-gradient":""},"mobile":{"background-color":"","background-image":"","background-repeat":"repeat","background-position":"center center","background-size":"auto","background-attachment":"scroll","background-type":"","background-media":"","overlay-type":"","overlay-color":"","overlay-opacity":"","overlay-gradient":""}},"ast-content-background-meta":{"desktop":{"background-color":"var(--ast-global-color-5)","background-image":"","background-repeat":"repeat","background-position":"center center","background-size":"auto","background-attachment":"scroll","background-type":"","background-media":"","overlay-type":"","overlay-color":"","overlay-opacity":"","overlay-gradient":""},"tablet":{"background-color":"var(--ast-global-color-5)","background-image":"","background-repeat":"repeat","background-position":"center center","background-size":"auto","background-attachment":"scroll","background-type":"","background-media":"","overlay-type":"","overlay-color":"","overlay-opacity":"","overlay-gradient":""},"mobile":{"background-color":"var(--ast-global-color-5)","background-image":"","background-repeat":"repeat","background-position":"center center","background-size":"auto","background-attachment":"scroll","background-type":"","background-media":"","overlay-type":"","overlay-color":"","overlay-opacity":"","overlay-gradient":""}},"footnotes":""},"class_list":["post-505","page","type-page","status-publish","hentry"],"yoast_head":"<!-- This site is optimized with the Yoast SEO plugin v26.3 - https:\/\/yoast.com\/wordpress\/plugins\/seo\/ -->\n<title>Pol\u00edtica de Cookies - Cerco Seguridad<\/title>\n<meta name=\"robots\" content=\"index, follow, max-snippet:-1, max-image-preview:large, max-video-preview:-1\" \/>\n<link rel=\"canonical\" href=\"https:\/\/cercoseguridad.com\/en\/politica-de-cookies\/\" \/>\n<meta property=\"og:locale\" content=\"en_GB\" \/>\n<meta property=\"og:type\" content=\"article\" \/>\n<meta property=\"og:title\" content=\"Pol\u00edtica de Cookies - Cerco Seguridad\" \/>\n<meta property=\"og:description\" content=\"Pol\u00edtica de Cookies Privacidad de las estad\u00edsticas de Google Analyticswww.cercoseguridad.es utiliza Google Analytics, un servicio de an\u00e1lisis web prestado por [&hellip;]\" \/>\n<meta property=\"og:url\" content=\"https:\/\/cercoseguridad.com\/en\/politica-de-cookies\/\" \/>\n<meta property=\"og:site_name\" content=\"Cerco Seguridad\" \/>\n<meta property=\"article:modified_time\" content=\"2023-10-20T11:10:48+00:00\" \/>\n<meta name=\"twitter:card\" content=\"summary_large_image\" \/>\n<meta name=\"twitter:label1\" content=\"Estimated reading time\" \/>\n\t<meta name=\"twitter:data1\" content=\"2 minutes\" \/>\n<script type=\"application\/ld+json\" class=\"yoast-schema-graph\">{\"@context\":\"https:\/\/schema.org\",\"@graph\":[{\"@type\":\"WebPage\",\"@id\":\"https:\/\/cercoseguridad.com\/politica-de-cookies\/\",\"url\":\"https:\/\/cercoseguridad.com\/politica-de-cookies\/\",\"name\":\"Pol\u00edtica de Cookies - Cerco Seguridad\",\"isPartOf\":{\"@id\":\"https:\/\/cercoseguridad.com\/#website\"},\"datePublished\":\"2023-10-20T11:09:26+00:00\",\"dateModified\":\"2023-10-20T11:10:48+00:00\",\"breadcrumb\":{\"@id\":\"https:\/\/cercoseguridad.com\/politica-de-cookies\/#breadcrumb\"},\"inLanguage\":\"en-GB\",\"potentialAction\":[{\"@type\":\"ReadAction\",\"target\":[\"https:\/\/cercoseguridad.com\/politica-de-cookies\/\"]}]},{\"@type\":\"BreadcrumbList\",\"@id\":\"https:\/\/cercoseguridad.com\/politica-de-cookies\/#breadcrumb\",\"itemListElement\":[{\"@type\":\"ListItem\",\"position\":1,\"name\":\"Portada\",\"item\":\"https:\/\/cercoseguridad.com\/\"},{\"@type\":\"ListItem\",\"position\":2,\"name\":\"Pol\u00edtica de Cookies\"}]},{\"@type\":\"WebSite\",\"@id\":\"https:\/\/cercoseguridad.com\/#website\",\"url\":\"https:\/\/cercoseguridad.com\/\",\"name\":\"Cerco Seguridad\",\"description\":\"Empresa de seguridad en M\u00e1laga\",\"publisher\":{\"@id\":\"https:\/\/cercoseguridad.com\/#organization\"},\"potentialAction\":[{\"@type\":\"SearchAction\",\"target\":{\"@type\":\"EntryPoint\",\"urlTemplate\":\"https:\/\/cercoseguridad.com\/?s={search_term_string}\"},\"query-input\":{\"@type\":\"PropertyValueSpecification\",\"valueRequired\":true,\"valueName\":\"search_term_string\"}}],\"inLanguage\":\"en-GB\"},{\"@type\":\"Organization\",\"@id\":\"https:\/\/cercoseguridad.com\/#organization\",\"name\":\"Cerco Seguridad\",\"url\":\"https:\/\/cercoseguridad.com\/\",\"logo\":{\"@type\":\"ImageObject\",\"inLanguage\":\"en-GB\",\"@id\":\"https:\/\/cercoseguridad.com\/#\/schema\/logo\/image\/\",\"url\":\"https:\/\/cercoseguridad.com\/wp-content\/uploads\/2023\/09\/jpg_marca-cerco-8-1-scaled.jpg\",\"contentUrl\":\"https:\/\/cercoseguridad.com\/wp-content\/uploads\/2023\/09\/jpg_marca-cerco-8-1-scaled.jpg\",\"width\":2560,\"height\":951,\"caption\":\"Cerco Seguridad\"},\"image\":{\"@id\":\"https:\/\/cercoseguridad.com\/#\/schema\/logo\/image\/\"}}]}<\/script>\n<!-- \/ Yoast SEO plugin. -->","yoast_head_json":{"title":"Cookie Policy - Security Fence","robots":{"index":"index","follow":"follow","max-snippet":"max-snippet:-1","max-image-preview":"max-image-preview:large","max-video-preview":"max-video-preview:-1"},"canonical":"https:\/\/cercoseguridad.com\/en\/politica-de-cookies\/","og_locale":"en_GB","og_type":"article","og_title":"Pol\u00edtica de Cookies - Cerco Seguridad","og_description":"Pol\u00edtica de Cookies Privacidad de las estad\u00edsticas de Google Analyticswww.cercoseguridad.es utiliza Google Analytics, un servicio de an\u00e1lisis web prestado por [&hellip;]","og_url":"https:\/\/cercoseguridad.com\/en\/politica-de-cookies\/","og_site_name":"Cerco Seguridad","article_modified_time":"2023-10-20T11:10:48+00:00","twitter_card":"summary_large_image","twitter_misc":{"Estimated reading time":"2 minutes"},"schema":{"@context":"https:\/\/schema.org","@graph":[{"@type":"WebPage","@id":"https:\/\/cercoseguridad.com\/politica-de-cookies\/","url":"https:\/\/cercoseguridad.com\/politica-de-cookies\/","name":"Cookie Policy - Security Fence","isPartOf":{"@id":"https:\/\/cercoseguridad.com\/#website"},"datePublished":"2023-10-20T11:09:26+00:00","dateModified":"2023-10-20T11:10:48+00:00","breadcrumb":{"@id":"https:\/\/cercoseguridad.com\/politica-de-cookies\/#breadcrumb"},"inLanguage":"en-GB","potentialAction":[{"@type":"ReadAction","target":["https:\/\/cercoseguridad.com\/politica-de-cookies\/"]}]},{"@type":"BreadcrumbList","@id":"https:\/\/cercoseguridad.com\/politica-de-cookies\/#breadcrumb","itemListElement":[{"@type":"ListItem","position":1,"name":"Portada","item":"https:\/\/cercoseguridad.com\/"},{"@type":"ListItem","position":2,"name":"Pol\u00edtica de Cookies"}]},{"@type":"WebSite","@id":"https:\/\/cercoseguridad.com\/#website","url":"https:\/\/cercoseguridad.com\/","name":"Security Fence","description":"Security company in Malaga","publisher":{"@id":"https:\/\/cercoseguridad.com\/#organization"},"potentialAction":[{"@type":"SearchAction","target":{"@type":"EntryPoint","urlTemplate":"https:\/\/cercoseguridad.com\/?s={search_term_string}"},"query-input":{"@type":"PropertyValueSpecification","valueRequired":true,"valueName":"search_term_string"}}],"inLanguage":"en-GB"},{"@type":"Organization","@id":"https:\/\/cercoseguridad.com\/#organization","name":"Security Fence","url":"https:\/\/cercoseguridad.com\/","logo":{"@type":"ImageObject","inLanguage":"en-GB","@id":"https:\/\/cercoseguridad.com\/#\/schema\/logo\/image\/","url":"https:\/\/cercoseguridad.com\/wp-content\/uploads\/2023\/09\/jpg_marca-cerco-8-1-scaled.jpg","contentUrl":"https:\/\/cercoseguridad.com\/wp-content\/uploads\/2023\/09\/jpg_marca-cerco-8-1-scaled.jpg","width":2560,"height":951,"caption":"Cerco Seguridad"},"image":{"@id":"https:\/\/cercoseguridad.com\/#\/schema\/logo\/image\/"}}]}},"_links":{"self":[{"href":"https:\/\/cercoseguridad.com\/en\/wp-json\/wp\/v2\/pages\/505","targetHints":{"allow":["GET"]}}],"collection":[{"href":"https:\/\/cercoseguridad.com\/en\/wp-json\/wp\/v2\/pages"}],"about":[{"href":"https:\/\/cercoseguridad.com\/en\/wp-json\/wp\/v2\/types\/page"}],"author":[{"embeddable":true,"href":"https:\/\/cercoseguridad.com\/en\/wp-json\/wp\/v2\/users\/1"}],"replies":[{"embeddable":true,"href":"https:\/\/cercoseguridad.com\/en\/wp-json\/wp\/v2\/comments?post=505"}],"version-history":[{"count":4,"href":"https:\/\/cercoseguridad.com\/en\/wp-json\/wp\/v2\/pages\/505\/revisions"}],"predecessor-version":[{"id":509,"href":"https:\/\/cercoseguridad.com\/en\/wp-json\/wp\/v2\/pages\/505\/revisions\/509"}],"wp:attachment":[{"href":"https:\/\/cercoseguridad.com\/en\/wp-json\/wp\/v2\/media?parent=505"}],"curies":[{"name":"wp","href":"https:\/\/api.w.org\/{rel}","templated":true}]}}