{"id":20,"date":"2022-03-10T08:20:01","date_gmt":"2022-03-10T08:20:01","guid":{"rendered":"http:\/\/cerco.centraldemarketing.es\/?page_id=20"},"modified":"2023-10-20T10:54:42","modified_gmt":"2023-10-20T10:54:42","slug":"politica-de-privacidad","status":"publish","type":"page","link":"https:\/\/cercoseguridad.com\/en\/politica-de-privacidad\/","title":{"rendered":"Privacy Policy"},"content":{"rendered":"<div data-elementor-type=\"wp-page\" data-elementor-id=\"20\" class=\"elementor elementor-20\" data-elementor-post-type=\"page\">\n\t\t\t\t<div class=\"elementor-element elementor-element-998674e e-flex e-con-boxed e-con e-parent\" data-id=\"998674e\" data-element_type=\"container\">\n\t\t\t\t\t<div class=\"e-con-inner\">\n\t\t\t\t<div class=\"elementor-element elementor-element-f10976e elementor-widget elementor-widget-heading\" data-id=\"f10976e\" data-element_type=\"widget\" data-widget_type=\"heading.default\">\n\t\t\t\t<div class=\"elementor-widget-container\">\n\t\t\t\t\t<h2 class=\"elementor-heading-title elementor-size-default\">Privacy Policy<\/h2>\t\t\t\t<\/div>\n\t\t\t\t<\/div>\n\t\t\t\t<div class=\"elementor-element elementor-element-2d876db elementor-widget elementor-widget-text-editor\" data-id=\"2d876db\" data-element_type=\"widget\" data-widget_type=\"text-editor.default\">\n\t\t\t\t<div class=\"elementor-widget-container\">\n\t\t\t\t\t\t\t\t\t<p>In compliance with Organic Law 15\/1999 on the Protection of Personal Data and its implementing regulations, we inform the User that their data collected through the Website will be processed in a file owned by Grupo Cerco Seguridad. The purpose of this file is to provide the User with the information requested regarding the various services and to inform them of new products and services that may be of interest to them, via email. The User has the right to object to the processing of any of their data that is not essential for the purpose for which it was collected, such as processing for advertising purposes. The User may contact Grupo Cerco Seguridad to exercise their right to object to such processing through the means indicated for exercising their rights, as set forth in the following paragraph.<\/p>\n<p>You may exercise your rights of access to data, rectification, cancellation, and objection by letter addressed to Grupo Cerco Seguridad, or by sending an email to info@cercoseguridad.com, attaching a photocopy of your ID or substitute identification document.<\/p>\n<p>Likewise, and in compliance with Law 34\/2002 on Information Society Services and Electronic Commerce, Grupo Cerco Seguridad will send information about new products and services of its own that may be of interest to you, via email or other equivalent means of electronic communication to those users who have expressly given their consent to receive such communications.<\/p>\t\t\t\t\t\t\t\t<\/div>\n\t\t\t\t<\/div>\n\t\t\t\t\t<\/div>\n\t\t\t\t<\/div>\n\t\t\t\t<\/div>","protected":false},"excerpt":{"rendered":"<p>Privacy Policy In compliance with Organic Law 15\/1999 on the Protection of Personal Data and its [\u2026]<\/p>","protected":false},"author":1,"featured_media":0,"parent":0,"menu_order":0,"comment_status":"closed","ping_status":"closed","template":"elementor_header_footer","meta":{"site-sidebar-layout":"default","site-content-layout":"","ast-site-content-layout":"","site-content-style":"default","site-sidebar-style":"default","ast-global-header-display":"","ast-banner-title-visibility":"","ast-main-header-display":"","ast-hfb-above-header-display":"","ast-hfb-below-header-display":"","ast-hfb-mobile-header-display":"","site-post-title":"disabled","ast-breadcrumbs-content":"","ast-featured-img":"","footer-sml-layout":"","theme-transparent-header-meta":"","adv-header-id-meta":"","stick-header-meta":"","header-above-stick-meta":"","header-main-stick-meta":"","header-below-stick-meta":"","astra-migrate-meta-layouts":"","ast-page-background-enabled":"default","ast-page-background-meta":{"desktop":{"background-color":"var(--ast-global-color-4)","background-image":"","background-repeat":"repeat","background-position":"center center","background-size":"auto","background-attachment":"scroll","background-type":"","background-media":"","overlay-type":"","overlay-color":"","overlay-opacity":"","overlay-gradient":""},"tablet":{"background-color":"","background-image":"","background-repeat":"repeat","background-position":"center center","background-size":"auto","background-attachment":"scroll","background-type":"","background-media":"","overlay-type":"","overlay-color":"","overlay-opacity":"","overlay-gradient":""},"mobile":{"background-color":"","background-image":"","background-repeat":"repeat","background-position":"center center","background-size":"auto","background-attachment":"scroll","background-type":"","background-media":"","overlay-type":"","overlay-color":"","overlay-opacity":"","overlay-gradient":""}},"ast-content-background-meta":{"desktop":{"background-color":"var(--ast-global-color-5)","background-image":"","background-repeat":"repeat","background-position":"center center","background-size":"auto","background-attachment":"scroll","background-type":"","background-media":"","overlay-type":"","overlay-color":"","overlay-opacity":"","overlay-gradient":""},"tablet":{"background-color":"var(--ast-global-color-5)","background-image":"","background-repeat":"repeat","background-position":"center center","background-size":"auto","background-attachment":"scroll","background-type":"","background-media":"","overlay-type":"","overlay-color":"","overlay-opacity":"","overlay-gradient":""},"mobile":{"background-color":"var(--ast-global-color-5)","background-image":"","background-repeat":"repeat","background-position":"center center","background-size":"auto","background-attachment":"scroll","background-type":"","background-media":"","overlay-type":"","overlay-color":"","overlay-opacity":"","overlay-gradient":""}},"footnotes":""},"class_list":["post-20","page","type-page","status-publish","hentry"],"yoast_head":"<!-- This site is optimized with the Yoast SEO plugin v26.3 - https:\/\/yoast.com\/wordpress\/plugins\/seo\/ -->\n<title>Pol\u00edtica de privacidad - Cerco Seguridad<\/title>\n<meta name=\"robots\" content=\"index, follow, max-snippet:-1, max-image-preview:large, max-video-preview:-1\" \/>\n<link rel=\"canonical\" href=\"https:\/\/cercoseguridad.com\/en\/politica-de-privacidad\/\" \/>\n<meta property=\"og:locale\" content=\"en_GB\" \/>\n<meta property=\"og:type\" content=\"article\" \/>\n<meta property=\"og:title\" content=\"Pol\u00edtica de privacidad - Cerco Seguridad\" \/>\n<meta property=\"og:description\" content=\"Pol\u00edtica de Privacidad En cumplimiento de la Ley Org\u00e1nica 15\/1999, de Protecci\u00f3n de Datos de Car\u00e1cter Personal y en su [&hellip;]\" \/>\n<meta property=\"og:url\" content=\"https:\/\/cercoseguridad.com\/en\/politica-de-privacidad\/\" \/>\n<meta property=\"og:site_name\" content=\"Cerco Seguridad\" \/>\n<meta property=\"article:modified_time\" content=\"2023-10-20T10:54:42+00:00\" \/>\n<meta name=\"twitter:card\" content=\"summary_large_image\" \/>\n<meta name=\"twitter:label1\" content=\"Estimated reading time\" \/>\n\t<meta name=\"twitter:data1\" content=\"2 minutes\" \/>\n<script type=\"application\/ld+json\" class=\"yoast-schema-graph\">{\"@context\":\"https:\/\/schema.org\",\"@graph\":[{\"@type\":\"WebPage\",\"@id\":\"https:\/\/cercoseguridad.com\/politica-de-privacidad\/\",\"url\":\"https:\/\/cercoseguridad.com\/politica-de-privacidad\/\",\"name\":\"Pol\u00edtica de privacidad - Cerco Seguridad\",\"isPartOf\":{\"@id\":\"https:\/\/cercoseguridad.com\/#website\"},\"datePublished\":\"2022-03-10T08:20:01+00:00\",\"dateModified\":\"2023-10-20T10:54:42+00:00\",\"breadcrumb\":{\"@id\":\"https:\/\/cercoseguridad.com\/politica-de-privacidad\/#breadcrumb\"},\"inLanguage\":\"en-GB\",\"potentialAction\":[{\"@type\":\"ReadAction\",\"target\":[\"https:\/\/cercoseguridad.com\/politica-de-privacidad\/\"]}]},{\"@type\":\"BreadcrumbList\",\"@id\":\"https:\/\/cercoseguridad.com\/politica-de-privacidad\/#breadcrumb\",\"itemListElement\":[{\"@type\":\"ListItem\",\"position\":1,\"name\":\"Portada\",\"item\":\"https:\/\/cercoseguridad.com\/\"},{\"@type\":\"ListItem\",\"position\":2,\"name\":\"Pol\u00edtica de privacidad\"}]},{\"@type\":\"WebSite\",\"@id\":\"https:\/\/cercoseguridad.com\/#website\",\"url\":\"https:\/\/cercoseguridad.com\/\",\"name\":\"Cerco Seguridad\",\"description\":\"Empresa de seguridad en M\u00e1laga\",\"publisher\":{\"@id\":\"https:\/\/cercoseguridad.com\/#organization\"},\"potentialAction\":[{\"@type\":\"SearchAction\",\"target\":{\"@type\":\"EntryPoint\",\"urlTemplate\":\"https:\/\/cercoseguridad.com\/?s={search_term_string}\"},\"query-input\":{\"@type\":\"PropertyValueSpecification\",\"valueRequired\":true,\"valueName\":\"search_term_string\"}}],\"inLanguage\":\"en-GB\"},{\"@type\":\"Organization\",\"@id\":\"https:\/\/cercoseguridad.com\/#organization\",\"name\":\"Cerco Seguridad\",\"url\":\"https:\/\/cercoseguridad.com\/\",\"logo\":{\"@type\":\"ImageObject\",\"inLanguage\":\"en-GB\",\"@id\":\"https:\/\/cercoseguridad.com\/#\/schema\/logo\/image\/\",\"url\":\"https:\/\/cercoseguridad.com\/wp-content\/uploads\/2023\/09\/jpg_marca-cerco-8-1-scaled.jpg\",\"contentUrl\":\"https:\/\/cercoseguridad.com\/wp-content\/uploads\/2023\/09\/jpg_marca-cerco-8-1-scaled.jpg\",\"width\":2560,\"height\":951,\"caption\":\"Cerco Seguridad\"},\"image\":{\"@id\":\"https:\/\/cercoseguridad.com\/#\/schema\/logo\/image\/\"}}]}<\/script>\n<!-- \/ Yoast SEO plugin. -->","yoast_head_json":{"title":"Privacy Policy - Security Fence","robots":{"index":"index","follow":"follow","max-snippet":"max-snippet:-1","max-image-preview":"max-image-preview:large","max-video-preview":"max-video-preview:-1"},"canonical":"https:\/\/cercoseguridad.com\/en\/politica-de-privacidad\/","og_locale":"en_GB","og_type":"article","og_title":"Pol\u00edtica de privacidad - Cerco Seguridad","og_description":"Pol\u00edtica de Privacidad En cumplimiento de la Ley Org\u00e1nica 15\/1999, de Protecci\u00f3n de Datos de Car\u00e1cter Personal y en su [&hellip;]","og_url":"https:\/\/cercoseguridad.com\/en\/politica-de-privacidad\/","og_site_name":"Cerco Seguridad","article_modified_time":"2023-10-20T10:54:42+00:00","twitter_card":"summary_large_image","twitter_misc":{"Estimated reading time":"2 minutes"},"schema":{"@context":"https:\/\/schema.org","@graph":[{"@type":"WebPage","@id":"https:\/\/cercoseguridad.com\/politica-de-privacidad\/","url":"https:\/\/cercoseguridad.com\/politica-de-privacidad\/","name":"Privacy Policy - Security Fence","isPartOf":{"@id":"https:\/\/cercoseguridad.com\/#website"},"datePublished":"2022-03-10T08:20:01+00:00","dateModified":"2023-10-20T10:54:42+00:00","breadcrumb":{"@id":"https:\/\/cercoseguridad.com\/politica-de-privacidad\/#breadcrumb"},"inLanguage":"en-GB","potentialAction":[{"@type":"ReadAction","target":["https:\/\/cercoseguridad.com\/politica-de-privacidad\/"]}]},{"@type":"BreadcrumbList","@id":"https:\/\/cercoseguridad.com\/politica-de-privacidad\/#breadcrumb","itemListElement":[{"@type":"ListItem","position":1,"name":"Portada","item":"https:\/\/cercoseguridad.com\/"},{"@type":"ListItem","position":2,"name":"Pol\u00edtica de privacidad"}]},{"@type":"WebSite","@id":"https:\/\/cercoseguridad.com\/#website","url":"https:\/\/cercoseguridad.com\/","name":"Security Fence","description":"Security company in Malaga","publisher":{"@id":"https:\/\/cercoseguridad.com\/#organization"},"potentialAction":[{"@type":"SearchAction","target":{"@type":"EntryPoint","urlTemplate":"https:\/\/cercoseguridad.com\/?s={search_term_string}"},"query-input":{"@type":"PropertyValueSpecification","valueRequired":true,"valueName":"search_term_string"}}],"inLanguage":"en-GB"},{"@type":"Organization","@id":"https:\/\/cercoseguridad.com\/#organization","name":"Security Fence","url":"https:\/\/cercoseguridad.com\/","logo":{"@type":"ImageObject","inLanguage":"en-GB","@id":"https:\/\/cercoseguridad.com\/#\/schema\/logo\/image\/","url":"https:\/\/cercoseguridad.com\/wp-content\/uploads\/2023\/09\/jpg_marca-cerco-8-1-scaled.jpg","contentUrl":"https:\/\/cercoseguridad.com\/wp-content\/uploads\/2023\/09\/jpg_marca-cerco-8-1-scaled.jpg","width":2560,"height":951,"caption":"Cerco Seguridad"},"image":{"@id":"https:\/\/cercoseguridad.com\/#\/schema\/logo\/image\/"}}]}},"_links":{"self":[{"href":"https:\/\/cercoseguridad.com\/en\/wp-json\/wp\/v2\/pages\/20","targetHints":{"allow":["GET"]}}],"collection":[{"href":"https:\/\/cercoseguridad.com\/en\/wp-json\/wp\/v2\/pages"}],"about":[{"href":"https:\/\/cercoseguridad.com\/en\/wp-json\/wp\/v2\/types\/page"}],"author":[{"embeddable":true,"href":"https:\/\/cercoseguridad.com\/en\/wp-json\/wp\/v2\/users\/1"}],"replies":[{"embeddable":true,"href":"https:\/\/cercoseguridad.com\/en\/wp-json\/wp\/v2\/comments?post=20"}],"version-history":[{"count":4,"href":"https:\/\/cercoseguridad.com\/en\/wp-json\/wp\/v2\/pages\/20\/revisions"}],"predecessor-version":[{"id":494,"href":"https:\/\/cercoseguridad.com\/en\/wp-json\/wp\/v2\/pages\/20\/revisions\/494"}],"wp:attachment":[{"href":"https:\/\/cercoseguridad.com\/en\/wp-json\/wp\/v2\/media?parent=20"}],"curies":[{"name":"wp","href":"https:\/\/api.w.org\/{rel}","templated":true}]}}